{"id":311,"date":"2023-06-16T16:05:22","date_gmt":"2023-06-16T16:05:22","guid":{"rendered":"https:\/\/siteskyline.com\/?page_id=311"},"modified":"2026-04-09T06:33:37","modified_gmt":"2026-04-09T06:33:37","slug":"terms-of-service","status":"publish","type":"page","link":"https:\/\/siteskyline.com\/it\/terms-of-service\/","title":{"rendered":"Termini di servizio"},"content":{"rendered":"<h1 class=\"wp-block-heading\">Termini di servizio<\/h1>\n\n\n\n<p>Ultimo aggiornamento il 26 novembre 2023<\/p>\n\n\n\n<p>Il Proprietario del sito Web, comprese le societ\u00e0 controllate e affiliate (\"Sito Web\" o \"Proprietario del sito Web\" o \"noi\" o \"ci\" o \"nostro\") fornisce le informazioni contenute nel sito Web o in una qualsiasi delle pagine che compongono il sito Web (\"sito Web\") ai visitatori (\"visitatori\") (cumulativamente indicati come \"tu\" o \"tuo\" di seguito) soggetti ai termini e alle condizioni stabiliti nei presenti termini e condizioni del sito Web, nell'informativa sulla privacy e in qualsiasi altro termine e condizione pertinente, politica e avviso che potrebbe essere applicabile a una sezione o modulo specifico del sito web.<\/p>\n\n\n\n<p>Welcome to our website. If you continue to browse and use this website you are agreeing to comply with and be bound by the following terms and conditions of use, which together with our privacy policy govern SiteSkyline &#8221;s relationship with you in relation to this website.<\/p>\n\n\n\n<p>The term &#8216;SiteSkyline &#8216; or &#8216;us&#8217; or &#8216;we&#8217; refers to the owner of the website whose registered\/operational. The term &#8216;you&#8217; refers to the user or viewer of our website.<\/p>\n\n\n\n<p><strong>L'utilizzo di questo sito web \u00e8 soggetto ai seguenti termini di utilizzo:<\/strong><\/p>\n\n\n\n<ul class=\"wp-block-list\">\n<li><br><p>Il contenuto delle pagine di questo sito Web \u00e8 solo per tua informazione generale e per il tuo utilizzo. \u00c8 soggetto a modifiche senza preavviso.<\/p><br><\/li>\n\n\n\n<li><br><p>N\u00e9 noi n\u00e9 terze parti forniamo alcuna garanzia circa l'accuratezza, la tempestivit\u00e0, le prestazioni, la completezza o l'idoneit\u00e0 delle informazioni e dei materiali trovati o offerti su questo sito Web per qualsiasi scopo particolare. L'utente riconosce che tali informazioni e materiali possono contenere inesattezze o errori e escludiamo espressamente la responsabilit\u00e0 per tali inesattezze o errori nella misura massima consentita dalla legge.<\/p><br><\/li>\n\n\n\n<li><br><p>L'utilizzo di qualsiasi informazione o materiale presente su questo sito Web \u00e8 interamente a proprio rischio, per il quale non saremo responsabili. Sar\u00e0 tua responsabilit\u00e0 garantire che tutti i prodotti, servizi o informazioni disponibili attraverso questo sito Web soddisfino le tue esigenze specifiche.<\/p><br><\/li>\n\n\n\n<li><br><p>Questo sito Web contiene materiale di nostra propriet\u00e0 o concesso in licenza a noi. Questo materiale include, ma non \u00e8 limitato a, design, layout, aspetto, aspetto e grafica. La riproduzione \u00e8 vietata se non in conformit\u00e0 con l'avviso di copyright, che fa parte di questi termini e condizioni.<\/p><br><\/li>\n\n\n\n<li><br><p>Tutti i marchi riprodotti in questo sito web che non sono di propriet\u00e0 o concessi in licenza all'operatore sono riconosciuti sul sito web.<\/p><br><\/li>\n\n\n\n<li><br><p>L'uso non autorizzato di questo sito web pu\u00f2 dar luogo ad una richiesta di risarcimento danni e\/o costituire un reato penale.<\/p><br><\/li>\n\n\n\n<li><br><p>Di tanto in tanto questo sito web pu\u00f2 includere anche collegamenti ad altri siti web. Questi collegamenti vengono forniti per comodit\u00e0 dell'utente per fornire ulteriori informazioni.<\/p><br><\/li>\n\n\n\n<li><br><p>Non \u00e8 possibile creare un collegamento a questo sito Web da un altro sito Web o documento senza il previo consenso scritto di SiteSkyline.<\/p><br><\/li>\n\n\n\n<li><br><p>L'utilizzo di questo sito Web e qualsiasi controversia derivante da tale utilizzo del sito Web sono soggetti alle leggi dell'India o ad altre autorit\u00e0 di regolamentazione.<\/p><br><\/li>\n<\/ul>\n\n\n\n<p>Noi come commercianti non saremo responsabili in alcun modo per eventuali perdite o danni derivanti direttamente o indirettamente dal rifiuto dell'autorizzazione per qualsiasi Transazione, qualora il conto del Titolare della carta abbia superato il limite preimpostato concordato di volta in volta da noi con la nostra banca acquirente.<\/p>","protected":false},"excerpt":{"rendered":"<p>Terms of Service Last updated on Nov 26th 2023 The Website Owner, including subsidiaries and affiliates (\u201cWebsite\u201d or \u201cWebsite Owner\u201d or \u201cwe\u201d or \u201cus\u201d or \u201cour\u201d) provides the information contained on the website or any of the pages comprising the website (\u201cwebsite\u201d) to visitors (\u201cvisitors\u201d) (cumulatively referred to as \u201cyou\u201d or \u201cyour\u201d hereinafter) subject to [&hellip;]<\/p>\n","protected":false},"author":2,"featured_media":0,"parent":0,"menu_order":0,"comment_status":"closed","ping_status":"closed","template":"full-width-temp.php","meta":{"footnotes":""},"class_list":["post-311","page","type-page","status-publish","hentry"],"_links":{"self":[{"href":"https:\/\/siteskyline.com\/it\/wp-json\/wp\/v2\/pages\/311","targetHints":{"allow":["GET"]}}],"collection":[{"href":"https:\/\/siteskyline.com\/it\/wp-json\/wp\/v2\/pages"}],"about":[{"href":"https:\/\/siteskyline.com\/it\/wp-json\/wp\/v2\/types\/page"}],"author":[{"embeddable":true,"href":"https:\/\/siteskyline.com\/it\/wp-json\/wp\/v2\/users\/2"}],"replies":[{"embeddable":true,"href":"https:\/\/siteskyline.com\/it\/wp-json\/wp\/v2\/comments?post=311"}],"version-history":[{"count":0,"href":"https:\/\/siteskyline.com\/it\/wp-json\/wp\/v2\/pages\/311\/revisions"}],"wp:attachment":[{"href":"https:\/\/siteskyline.com\/it\/wp-json\/wp\/v2\/media?parent=311"}],"curies":[{"name":"wp","href":"https:\/\/api.w.org\/{rel}","templated":true}]}}